{"id":603,"date":"2014-03-21T18:28:51","date_gmt":"2014-03-21T17:28:51","guid":{"rendered":"http:\/\/pierre-henry.muller.pro\/?page_id=603"},"modified":"2018-08-03T13:20:33","modified_gmt":"2018-08-03T12:20:33","slug":"603-2","status":"publish","type":"page","link":"https:\/\/pierre-henry.muller.pro\/fr","title":{"rendered":"Photographier l&rsquo;insolite"},"content":{"rendered":"<h2>Toiturophilie : les toits des villes<\/h2>\n<p>Prendre de la hauteur donne une vision nouvelle de nos villes. Si nous voyons beaucoup de photos prises depuis un h\u00e9licopt\u00e8re ou des drones, \u00eatre juste au niveau des toits conf\u00e8re des perspectives et des alignements originaux. Les toits regorgent de d\u00e9tails architecturaux et d&rsquo;am\u00e9nagements insolites fait par les citadins. Les mettre en valeur c&rsquo;est mettre en valeur la ville.<\/p>\n<p><img decoding=\"async\" loading=\"lazy\" class=\"alignnone wp-image-613 size-medium\" src=\"https:\/\/pierre-henry.muller.pro\/fine-art-photo\/roof-of-Paris-1\/Roof-of-Paris-St-Jacques-Eiffel-Tower-300x200.jpg\" alt=\"Tour Saint Jacques et Tour Eiffel depuis les toits de Paris\" width=\"300\" height=\"200\" srcset=\"https:\/\/pierre-henry.muller.pro\/fine-art-photo\/roof-of-Paris-1\/Roof-of-Paris-St-Jacques-Eiffel-Tower-300x200.jpg 300w, https:\/\/pierre-henry.muller.pro\/fine-art-photo\/roof-of-Paris-1\/Roof-of-Paris-St-Jacques-Eiffel-Tower.jpg 750w\" sizes=\"(max-width: 300px) 100vw, 300px\" \/><\/p>\n<p>D\u00e9couvrez le s\u00e9rie<a title=\"Roofs of City #1 : toits de la ville lumi\u00e8re\" href=\"http:\/\/pierre-henry.muller.pro\/fr\/roofs-of-city-1-toits-de-paris\"> \u00ab\u00a0Roofs of City\u00a0\u00bb Les toits de Paris<\/a><\/p>\n<h2>Friche : ces b\u00e2timents \u00e0 l&rsquo;abandon<\/h2>\n<p>Les cycles des civilisations s&rsquo;acc\u00e9l\u00e8rent, autrefois un \u00e9difice avait une utilit\u00e9 qui durait des si\u00e8cles. De nos jours un b\u00e2timent peut \u00eatre remis en question \u00e0 peine une d\u00e9cennie apr\u00e8s sa cr\u00e9ation. Cette obsolescence aux raisons multiples comme les normes de construction, la faillite d&rsquo;entreprise, la pression immobili\u00e8re ou encore la d\u00e9sindustrialisation font de ces b\u00e2timents des t\u00e9moins d&rsquo;une \u00e9poque pass\u00e9e trop rapidement. Il me parait essentiel de garder les traces des b\u00e2timents insolites.<\/p>\n<p><img decoding=\"async\" loading=\"lazy\" class=\"alignnone wp-image-437 size-medium\" src=\"https:\/\/pierre-henry.muller.pro\/fine-art-photo\/fall-into-decay-1\/Fall-into-decay-abandoned-Buzludzha-monument-300x200.jpg\" alt=\"Buzludzha ancien monument communiste Bulgare\" width=\"300\" height=\"200\" srcset=\"https:\/\/pierre-henry.muller.pro\/fine-art-photo\/fall-into-decay-1\/Fall-into-decay-abandoned-Buzludzha-monument-300x200.jpg 300w, https:\/\/pierre-henry.muller.pro\/fine-art-photo\/fall-into-decay-1\/Fall-into-decay-abandoned-Buzludzha-monument.jpg 750w\" sizes=\"(max-width: 300px) 100vw, 300px\" \/><\/p>\n<p>D\u00e9couvrez la s\u00e9rie <a title=\"Fall into decay #1 : arch\u00e9ologie moderne\" href=\"http:\/\/pierre-henry.muller.pro\/fr\/fall-into-decay-1-archeologie-moderne\">\u00ab\u00a0Fall into Decay\u00a0\u00bb L&rsquo;arch\u00e9ologie moderne<\/a><\/p>\n<p>&nbsp;<\/p>\n<p>&nbsp;<\/p>\n<p>&nbsp;<\/p>\n","protected":false},"excerpt":{"rendered":"<p>Toiturophilie : les toits des villes Prendre de la hauteur donne une vision nouvelle de nos villes. Si nous voyons beaucoup de photos prises depuis un h\u00e9licopt\u00e8re ou des drones, \u00eatre juste au niveau des toits conf\u00e8re des perspectives et des alignements originaux. Les toits regorgent de d\u00e9tails architecturaux et d&rsquo;am\u00e9nagements insolites fait par les &hellip; <a href=\"https:\/\/pierre-henry.muller.pro\/fr\" class=\"more-link\">Continuer la lecture de <span class=\"screen-reader-text\">Photographier l&rsquo;insolite<\/span>  <span class=\"meta-nav\">&rarr;<\/span><\/a><\/p>\n","protected":false},"author":1,"featured_media":0,"parent":0,"menu_order":0,"comment_status":"closed","ping_status":"closed","template":"","meta":[],"_links":{"self":[{"href":"https:\/\/pierre-henry.muller.pro\/fr\/wp-json\/wp\/v2\/pages\/603"}],"collection":[{"href":"https:\/\/pierre-henry.muller.pro\/fr\/wp-json\/wp\/v2\/pages"}],"about":[{"href":"https:\/\/pierre-henry.muller.pro\/fr\/wp-json\/wp\/v2\/types\/page"}],"author":[{"embeddable":true,"href":"https:\/\/pierre-henry.muller.pro\/fr\/wp-json\/wp\/v2\/users\/1"}],"replies":[{"embeddable":true,"href":"https:\/\/pierre-henry.muller.pro\/fr\/wp-json\/wp\/v2\/comments?post=603"}],"version-history":[{"count":1,"href":"https:\/\/pierre-henry.muller.pro\/fr\/wp-json\/wp\/v2\/pages\/603\/revisions"}],"predecessor-version":[{"id":679,"href":"https:\/\/pierre-henry.muller.pro\/fr\/wp-json\/wp\/v2\/pages\/603\/revisions\/679"}],"wp:attachment":[{"href":"https:\/\/pierre-henry.muller.pro\/fr\/wp-json\/wp\/v2\/media?parent=603"}],"curies":[{"name":"wp","href":"https:\/\/api.w.org\/{rel}","templated":true}]}}