{"id":486,"date":"2014-02-27T20:38:14","date_gmt":"2014-02-27T19:38:14","guid":{"rendered":"http:\/\/pierre-henry.muller.pro\/?page_id=486"},"modified":"2017-09-16T13:17:32","modified_gmt":"2017-09-16T12:17:32","slug":"biographie","status":"publish","type":"page","link":"https:\/\/pierre-henry.muller.pro\/fr\/biographie","title":{"rendered":"Biographie Pierre-Henry Muller"},"content":{"rendered":"<p>N\u00e9 \u00e0 Paris en 1980, habitant en r\u00e9gion parisienne. Travaux r\u00e9alis\u00e9s en num\u00e9rique et argentique.<\/p>\n<h2>Synopsis<\/h2>\n<p>Notre civilisation a besoin de cr\u00e9er sans cesse pour des raisons technologiques ou id\u00e9ologiques. Depuis le 20 \u00e8me si\u00e8cle, les besoins s\u2019encha\u00eenent \u00e0 grande vitesse laissant de c\u00f4t\u00e9 nombre de vestiges. Qu&rsquo;il soit \u00e0 l&rsquo;abandon ou simplement cach\u00e9, le patrimoine r\u00e9cent est d\u00e9laiss\u00e9 par manque d&rsquo;int\u00e9r\u00eat et par la non prise en compte dans notre histoire moderne.<\/p>\n<p>Afin d&rsquo;attirer l&rsquo;attention sur ces lieux mais aussi pour garder une trace de leurs \u00e9tats \u00e9ph\u00e9m\u00e8res, le t\u00e9moignage par la photographie permet de r\u00e9v\u00e9ler la beaut\u00e9 des travaux accomplis par les hommes et par la nature qui reprend ses droits. Parfois ce t\u00e9moignage restera le seul souvenir avant une destruction, parfois il permettra l&rsquo;\u00e9veil des consciences, la sauvegarde voir la r\u00e9habilitation.<\/p>\n<h2>Expositions<\/h2>\n<ul>\n<li>2015 \u2013 galerie in )( Between Paris \u2013 f\u00e9vrier 2015<\/li>\n<\/ul>\n<h2>Publications<\/h2>\n<ul>\n<li>2017 &#8211; \u00c9ditions du patrimoine &#8211; \u00ab\u00a0Paris, toujours Paris!\u00a0\u00bb de Anne Muratori-Philip<\/li>\n<li>2017 &#8211; G\u00e9o &#8211; \u00ab\u00a0France extraordinaire &#8211; Tr\u00e9sors enfouis\u00a0\u00bb<\/li>\n<li>2016 &#8211; Arthaud &#8211; \u00ab\u00a0Urbex 50 lieux secrets et abandonn\u00e9s en France\u00a0\u00bb de Timothy Hannem<\/li>\n<li>2016 &#8211; G\u00e9o &#8211; \u00ab\u00a0France extraordinaire &#8211; Sites Interdits\u00a0\u00bb<\/li>\n<li>2014 &#8211; Dakota Editions &#8211; \u00ab\u00a0France Souterraine, Insolite et extraordinaire\u00a0\u00bb d&rsquo;Arnaud Goumand<\/li>\n<li>2013 &#8211; Eyrolles &#8211; \u00ab\u00a0La pratique du r\u00e9flex num\u00e9rique\u00a0\u00bb 4\u00e8me \u00e9dition de Ren\u00e9 Bouillot<\/li>\n<li>2012 &#8211; Elephorm &#8211; VOD \u00ab\u00a0Matrisez la Photo HDR\u00a0\u00bb<\/li>\n<li>2011 &#8211; Dunod &#8211; Livre \u00ab\u00a0Photographie HDR : d\u00e9passez les limites de la photo\u00a0\u00bb<\/li>\n<li>2008 &#8211; Paris Mus\u00e9es &#8211; participation au Livre de Martine Contensou \u00ab\u00a0La F\u00e9e \u00e9lectricit\u00e9\u00a0\u00bb de Raoul Dufy<\/li>\n<li>2008 &#8211; Dunod &#8211; Livre \u00ab\u00a0Photographie HDR : des photos hors du commun\u00a0\u00bb<\/li>\n<\/ul>\n<h2>Demonstrations<\/h2>\n<ul>\n<li>2008 \u00e0 2012 &#8211; Paris Salon de la Photo : Photographie HDR et Lightpainting<\/li>\n<li>2010 \u00e0 2012 &#8211; Riedisheim \/ Mulhouse Salon de la Photo : stage Photographie HDR et Lightpainting<\/li>\n<li>2010 &#8211; Paris Adobe 20 ans de Photoshop : les nouveaut\u00e9s sur la photographie HDR<\/li>\n<li>2010, 2012, 2014 &#8211; Vincennes Images : pr\u00e9sentation photographie HDR<\/li>\n<\/ul>\n<h2>T\u00e9l\u00e9vision<\/h2>\n<ul>\n<li>2014\/10 &#8211; M6 &#8211; 100% Mag &#8211; urbex exploration urbaine<\/li>\n<li>2014\/10 &#8211; France 24 &#8211; <span class=\"notranslate\"><span id=\"eow-title\" class=\"watch-title \" title=\"Secrets de Paris | Que se cache au-dessus des toits de Paris?\">Secrets de Paris : Ce qui se cache sur les toits de Paris.<\/span><\/span><\/li>\n<li>2012\/12 &#8211; France 5 &#8211; TV \u00e9mission : \u00ab\u00a0\u00c9chapp\u00e9es Belles Une nuit \u00e0 Paris\u00a0\u00bb<\/li>\n<li>2009 &#8211; France 3 &#8211; TV documentaire : \u00ab\u00a0Si les toits de Paris m&rsquo;\u00e9taient cont\u00e9s\u00a0\u00bb<\/li>\n<\/ul>\n<h2>Presse<\/h2>\n<ul>\n<li>Le Magazine du Monde<\/li>\n<li>Rue89 \/ Nouvel Observateur<\/li>\n<li>20 Minutes<\/li>\n<li>Photo<\/li>\n<li>R\u00e9ponse Photo<\/li>\n<li>Comp\u00e9tence Photo<\/li>\n<li>Phototech<\/li>\n<li>Le Magasine de la Photo<\/li>\n<li>Focus Num\u00e9rique<\/li>\n<\/ul>\n<p>&nbsp;<\/p>\n","protected":false},"excerpt":{"rendered":"<p>N\u00e9 \u00e0 Paris en 1980, habitant en r\u00e9gion parisienne. Travaux r\u00e9alis\u00e9s en num\u00e9rique et argentique. Synopsis Notre civilisation a besoin de cr\u00e9er sans cesse pour des raisons technologiques ou id\u00e9ologiques. Depuis le 20 \u00e8me si\u00e8cle, les besoins s\u2019encha\u00eenent \u00e0 grande vitesse laissant de c\u00f4t\u00e9 nombre de vestiges. Qu&rsquo;il soit \u00e0 l&rsquo;abandon ou simplement cach\u00e9, le &hellip; <a href=\"https:\/\/pierre-henry.muller.pro\/fr\/biographie\" class=\"more-link\">Continuer la lecture de <span class=\"screen-reader-text\">Biographie Pierre-Henry Muller<\/span>  <span class=\"meta-nav\">&rarr;<\/span><\/a><\/p>\n","protected":false},"author":1,"featured_media":0,"parent":0,"menu_order":0,"comment_status":"closed","ping_status":"closed","template":"page-templates\/full-width.php","meta":[],"_links":{"self":[{"href":"https:\/\/pierre-henry.muller.pro\/fr\/wp-json\/wp\/v2\/pages\/486"}],"collection":[{"href":"https:\/\/pierre-henry.muller.pro\/fr\/wp-json\/wp\/v2\/pages"}],"about":[{"href":"https:\/\/pierre-henry.muller.pro\/fr\/wp-json\/wp\/v2\/types\/page"}],"author":[{"embeddable":true,"href":"https:\/\/pierre-henry.muller.pro\/fr\/wp-json\/wp\/v2\/users\/1"}],"replies":[{"embeddable":true,"href":"https:\/\/pierre-henry.muller.pro\/fr\/wp-json\/wp\/v2\/comments?post=486"}],"version-history":[{"count":1,"href":"https:\/\/pierre-henry.muller.pro\/fr\/wp-json\/wp\/v2\/pages\/486\/revisions"}],"predecessor-version":[{"id":675,"href":"https:\/\/pierre-henry.muller.pro\/fr\/wp-json\/wp\/v2\/pages\/486\/revisions\/675"}],"wp:attachment":[{"href":"https:\/\/pierre-henry.muller.pro\/fr\/wp-json\/wp\/v2\/media?parent=486"}],"curies":[{"name":"wp","href":"https:\/\/api.w.org\/{rel}","templated":true}]}}