{"id":308,"date":"2014-02-13T14:17:52","date_gmt":"2014-02-13T13:17:52","guid":{"rendered":"http:\/\/pierre-henry.muller.pro\/?page_id=308"},"modified":"2017-09-12T09:29:26","modified_gmt":"2017-09-12T08:29:26","slug":"fall-into-decay-1-archeologie-moderne","status":"publish","type":"page","link":"https:\/\/pierre-henry.muller.pro\/fr\/fall-into-decay-1-archeologie-moderne","title":{"rendered":"Fall into decay #1 : arch\u00e9ologie moderne"},"content":{"rendered":"<p>Notre soci\u00e9t\u00e9 est tr\u00e8s performante pour construire. Les \u00e9volutions technologiques, les changements politiques ou le manque d&rsquo;int\u00e9r\u00eat fait tomber en d\u00e9cr\u00e9pitude bon nombre de ces constructions. Notre mod\u00e8le de soci\u00e9t\u00e9 ne pr\u00e9voyant pas les co\u00fbts de d\u00e9mant\u00e8lement d\u00e8s la construction, il en r\u00e9sulte des lieux et objets oubli\u00e9s livr\u00e9s \u00e0 la nature ou au vandalisme.<\/p>\n<p>Fall into decay #1 est la premi\u00e8re s\u00e9rie consacr\u00e9e aux lieux abandonn\u00e9s que l&rsquo;on nomme friches. Ces friches peuvent \u00eatre des industries, des v\u00e9hicules terrestres, a\u00e9riens \/ maritimes ou des lieux publiques \/ priv\u00e9s. Ces explorations mettent en avant la capacit\u00e9 d&rsquo;oubli des hommes vis \u00e0 vis de leur r\u00e9cent pass\u00e9 qui ne b\u00e9n\u00e9ficie pas du m\u00eame int\u00e9r\u00eat que les traces de l&rsquo;histoire plus anciennes. Il s&rsquo;agit d&rsquo;arch\u00e9ologie moderne.<\/p>\n<div id=\"new-royalslider-1\" class=\"royalSlider new-royalslider-1 rsPHM rs-image-gallery\" style=\"width:100%;height:500px;;\">\n<div class=\"rsContent\">\n  <a class=\"rsImg\" href=\"https:\/\/pierre-henry.muller.pro\/fine-art-photo\/fall-into-decay-1\/Fall-into-decay-window-on-industry.jpg\" data-rsBigImg=\"https:\/\/pierre-henry.muller.pro\/fine-art-photo\/fall-into-decay-1\/Fall-into-decay-window-on-industry.jpg\">Fen\u00eatre sur l'industrie d\u00e9labr\u00e9e<\/a>\n  <div class=\"rsTmb\"><img src=\"https:\/\/pierre-henry.muller.pro\/fine-art-photo\/fall-into-decay-1\/Fall-into-decay-window-on-industry-96x72.jpg\" alt=\"\" \/><\/div>\n  \n  \n<\/div>\n<div class=\"rsContent\">\n  <a class=\"rsImg\" href=\"https:\/\/pierre-henry.muller.pro\/fine-art-photo\/fall-into-decay-1\/Fall-into-decay-under-cooling-tower.jpg\" data-rsBigImg=\"https:\/\/pierre-henry.muller.pro\/fine-art-photo\/fall-into-decay-1\/Fall-into-decay-under-cooling-tower.jpg\">Tour a\u00e9ror\u00e9frig\u00e9rante d'une centrale \u00e9lectrique<\/a>\n  <div class=\"rsTmb\"><img src=\"https:\/\/pierre-henry.muller.pro\/fine-art-photo\/fall-into-decay-1\/Fall-into-decay-under-cooling-tower-96x72.jpg\" alt=\"\" \/><\/div>\n  \n  \n<\/div>\n<div class=\"rsContent\">\n  <a class=\"rsImg\" href=\"https:\/\/pierre-henry.muller.pro\/fine-art-photo\/fall-into-decay-1\/Fall-into-decay-abandoned-Buzludzha-monument.jpg\" data-rsBigImg=\"https:\/\/pierre-henry.muller.pro\/fine-art-photo\/fall-into-decay-1\/Fall-into-decay-abandoned-Buzludzha-monument.jpg\">Buzludzha ancien monument communiste Bulgare<\/a>\n  <div class=\"rsTmb\"><img src=\"https:\/\/pierre-henry.muller.pro\/fine-art-photo\/fall-into-decay-1\/Fall-into-decay-abandoned-Buzludzha-monument-96x72.jpg\" alt=\"\" \/><\/div>\n  \n  \n<\/div>\n<div class=\"rsContent\">\n  <a class=\"rsImg\" href=\"https:\/\/pierre-henry.muller.pro\/fine-art-photo\/fall-into-decay-1\/Fall-into-decay-abandoned-church.jpg\" data-rsBigImg=\"https:\/\/pierre-henry.muller.pro\/fine-art-photo\/fall-into-decay-1\/Fall-into-decay-abandoned-church.jpg\">Eglise abandonn\u00e9e en Belgique<\/a>\n  <div class=\"rsTmb\"><img src=\"https:\/\/pierre-henry.muller.pro\/fine-art-photo\/fall-into-decay-1\/Fall-into-decay-abandoned-church-96x72.jpg\" alt=\"\" \/><\/div>\n  \n  \n<\/div>\n<div class=\"rsContent\">\n  <a class=\"rsImg\" href=\"https:\/\/pierre-henry.muller.pro\/fine-art-photo\/fall-into-decay-1\/Fall-into-decay-abandoned-Commerce-Chamber-Anvers.jpg\" data-rsBigImg=\"https:\/\/pierre-henry.muller.pro\/fine-art-photo\/fall-into-decay-1\/Fall-into-decay-abandoned-Commerce-Chamber-Anvers.jpg\">Ancienne Chambre du Commerce \u00e0 Anvers<\/a>\n  <div class=\"rsTmb\"><img src=\"https:\/\/pierre-henry.muller.pro\/fine-art-photo\/fall-into-decay-1\/Fall-into-decay-abandoned-Commerce-Chamber-Anvers-96x72.jpg\" alt=\"\" \/><\/div>\n  \n  \n<\/div>\n<div class=\"rsContent\">\n  <a class=\"rsImg\" href=\"https:\/\/pierre-henry.muller.pro\/fine-art-photo\/fall-into-decay-1\/Fall-into-decay-colored-abandoned-hostpital.jpg\" data-rsBigImg=\"https:\/\/pierre-henry.muller.pro\/fine-art-photo\/fall-into-decay-1\/Fall-into-decay-colored-abandoned-hostpital.jpg\">Couleurs d'un h\u00f4pital abandonn\u00e9<\/a>\n  <div class=\"rsTmb\"><img src=\"https:\/\/pierre-henry.muller.pro\/fine-art-photo\/fall-into-decay-1\/Fall-into-decay-colored-abandoned-hostpital-96x72.jpg\" alt=\"\" \/><\/div>\n  \n  \n<\/div>\n<div class=\"rsContent\">\n  <a class=\"rsImg\" href=\"https:\/\/pierre-henry.muller.pro\/fine-art-photo\/fall-into-decay-1\/Fall-into-decay-abandoned-cruiser-Colbert-battleship.jpg\" data-rsBigImg=\"https:\/\/pierre-henry.muller.pro\/fine-art-photo\/fall-into-decay-1\/Fall-into-decay-abandoned-cruiser-Colbert-battleship.jpg\">Croiseur Colbert ancien vaisseau amiral<\/a>\n  <div class=\"rsTmb\"><img src=\"https:\/\/pierre-henry.muller.pro\/fine-art-photo\/fall-into-decay-1\/Fall-into-decay-abandoned-cruiser-Colbert-battleship-96x72.jpg\" alt=\"\" \/><\/div>\n  \n  \n<\/div>\n<div class=\"rsContent\">\n  <a class=\"rsImg\" href=\"https:\/\/pierre-henry.muller.pro\/fine-art-photo\/fall-into-decay-1\/Fall-into-decay-abandoned-Gandrange-steelworks.jpg\" data-rsBigImg=\"https:\/\/pierre-henry.muller.pro\/fine-art-photo\/fall-into-decay-1\/Fall-into-decay-abandoned-Gandrange-steelworks.jpg\">Acierie Gandrange<\/a>\n  <div class=\"rsTmb\"><img src=\"https:\/\/pierre-henry.muller.pro\/fine-art-photo\/fall-into-decay-1\/Fall-into-decay-abandoned-Gandrange-steelworks-96x72.jpg\" alt=\"\" \/><\/div>\n  \n  \n<\/div>\n<div class=\"rsContent\">\n  <a class=\"rsImg\" href=\"https:\/\/pierre-henry.muller.pro\/fine-art-photo\/fall-into-decay-1\/Fall-into-decay-abandoned-maternity.jpg\" data-rsBigImg=\"https:\/\/pierre-henry.muller.pro\/fine-art-photo\/fall-into-decay-1\/Fall-into-decay-abandoned-maternity.jpg\">Maternit\u00e9 abandonn\u00e9e<\/a>\n  <div class=\"rsTmb\"><img src=\"https:\/\/pierre-henry.muller.pro\/fine-art-photo\/fall-into-decay-1\/Fall-into-decay-abandoned-maternity-96x72.jpg\" alt=\"\" \/><\/div>\n  \n  \n<\/div>\n<div class=\"rsContent\">\n  <a class=\"rsImg\" href=\"https:\/\/pierre-henry.muller.pro\/fine-art-photo\/fall-into-decay-1\/Fall-into-decay-car-wreck.jpg\" data-rsBigImg=\"https:\/\/pierre-henry.muller.pro\/fine-art-photo\/fall-into-decay-1\/Fall-into-decay-car-wreck.jpg\">Tracteur dans une casse de voiture<\/a>\n  <div class=\"rsTmb\"><img src=\"https:\/\/pierre-henry.muller.pro\/fine-art-photo\/fall-into-decay-1\/Fall-into-decay-car-wreck-96x72.jpg\" alt=\"\" \/><\/div>\n  \n  \n<\/div>\n<div class=\"rsContent\">\n  <a class=\"rsImg\" href=\"https:\/\/pierre-henry.muller.pro\/fine-art-photo\/fall-into-decay-1\/Fall-into-decay-horror-lab-veterinary-school.jpg\" data-rsBigImg=\"https:\/\/pierre-henry.muller.pro\/fine-art-photo\/fall-into-decay-1\/Fall-into-decay-horror-lab-veterinary-school.jpg\">Laboratoire des horreurs v\u00e9t\u00e9rinaires<\/a>\n  <div class=\"rsTmb\"><img src=\"https:\/\/pierre-henry.muller.pro\/fine-art-photo\/fall-into-decay-1\/Fall-into-decay-horror-lab-veterinary-school-96x72.jpg\" alt=\"\" \/><\/div>\n  \n  \n<\/div>\n<div class=\"rsContent\">\n  <a class=\"rsImg\" href=\"https:\/\/pierre-henry.muller.pro\/fine-art-photo\/fall-into-decay-1\/Fall-into-decay-abandoned-russian-coldwar-submarine.jpg\" data-rsBigImg=\"https:\/\/pierre-henry.muller.pro\/fine-art-photo\/fall-into-decay-1\/Fall-into-decay-abandoned-russian-coldwar-submarine.jpg\">Sous-marin de la guerre froide<\/a>\n  <div class=\"rsTmb\"><img src=\"https:\/\/pierre-henry.muller.pro\/fine-art-photo\/fall-into-decay-1\/Fall-into-decay-abandoned-russian-coldwar-submarine-96x72.jpg\" alt=\"\" \/><\/div>\n  \n  \n<\/div>\n<div class=\"rsContent\">\n  <a class=\"rsImg\" href=\"https:\/\/pierre-henry.muller.pro\/fine-art-photo\/fall-into-decay-1\/Fall-into-decay-abandoned-russian-MI26T-helicopter.jpg\" data-rsBigImg=\"https:\/\/pierre-henry.muller.pro\/fine-art-photo\/fall-into-decay-1\/Fall-into-decay-abandoned-russian-MI26T-helicopter.jpg\">H\u00e9licopt\u00e8re russe MI26T abandonn\u00e9<\/a>\n  <div class=\"rsTmb\"><img src=\"https:\/\/pierre-henry.muller.pro\/fine-art-photo\/fall-into-decay-1\/Fall-into-decay-abandoned-russian-MI26T-helicopter-96x72.jpg\" alt=\"\" \/><\/div>\n  \n  \n<\/div>\n<div class=\"rsContent\">\n  <a class=\"rsImg\" href=\"https:\/\/pierre-henry.muller.pro\/fine-art-photo\/fall-into-decay-1\/Fall-into-decay-abandoned-theater.jpg\" data-rsBigImg=\"https:\/\/pierre-henry.muller.pro\/fine-art-photo\/fall-into-decay-1\/Fall-into-decay-abandoned-theater.jpg\">Th\u00e9atre abandonn\u00e9<\/a>\n  <div class=\"rsTmb\"><img src=\"https:\/\/pierre-henry.muller.pro\/fine-art-photo\/fall-into-decay-1\/Fall-into-decay-abandoned-theater-96x72.jpg\" alt=\"\" \/><\/div>\n  \n  \n<\/div>\n<div class=\"rsContent\">\n  <a class=\"rsImg\" href=\"https:\/\/pierre-henry.muller.pro\/fine-art-photo\/fall-into-decay-1\/Fall-into-decay-boots.jpg\" data-rsBigImg=\"https:\/\/pierre-henry.muller.pro\/fine-art-photo\/fall-into-decay-1\/Fall-into-decay-boots.jpg\">Bottes dans une usine abandonn\u00e9e<\/a>\n  <div class=\"rsTmb\"><img src=\"https:\/\/pierre-henry.muller.pro\/fine-art-photo\/fall-into-decay-1\/Fall-into-decay-boots-96x72.jpg\" alt=\"\" \/><\/div>\n  \n  \n<\/div>\n\n<\/div>\n\n","protected":false},"excerpt":{"rendered":"<p>Notre soci\u00e9t\u00e9 est tr\u00e8s performante pour construire. Les \u00e9volutions technologiques, les changements politiques ou le manque d&rsquo;int\u00e9r\u00eat fait tomber en d\u00e9cr\u00e9pitude bon nombre de ces constructions. Notre mod\u00e8le de soci\u00e9t\u00e9 ne pr\u00e9voyant pas les co\u00fbts de d\u00e9mant\u00e8lement d\u00e8s la construction, il en r\u00e9sulte des lieux et objets oubli\u00e9s livr\u00e9s \u00e0 la nature ou au vandalisme. &hellip; <a href=\"https:\/\/pierre-henry.muller.pro\/fr\/fall-into-decay-1-archeologie-moderne\" class=\"more-link\">Continuer la lecture de <span class=\"screen-reader-text\">Fall into decay #1 : arch\u00e9ologie moderne<\/span>  <span class=\"meta-nav\">&rarr;<\/span><\/a><\/p>\n","protected":false},"author":1,"featured_media":0,"parent":0,"menu_order":0,"comment_status":"closed","ping_status":"closed","template":"","meta":[],"_links":{"self":[{"href":"https:\/\/pierre-henry.muller.pro\/fr\/wp-json\/wp\/v2\/pages\/308"}],"collection":[{"href":"https:\/\/pierre-henry.muller.pro\/fr\/wp-json\/wp\/v2\/pages"}],"about":[{"href":"https:\/\/pierre-henry.muller.pro\/fr\/wp-json\/wp\/v2\/types\/page"}],"author":[{"embeddable":true,"href":"https:\/\/pierre-henry.muller.pro\/fr\/wp-json\/wp\/v2\/users\/1"}],"replies":[{"embeddable":true,"href":"https:\/\/pierre-henry.muller.pro\/fr\/wp-json\/wp\/v2\/comments?post=308"}],"version-history":[{"count":0,"href":"https:\/\/pierre-henry.muller.pro\/fr\/wp-json\/wp\/v2\/pages\/308\/revisions"}],"wp:attachment":[{"href":"https:\/\/pierre-henry.muller.pro\/fr\/wp-json\/wp\/v2\/media?parent=308"}],"curies":[{"name":"wp","href":"https:\/\/api.w.org\/{rel}","templated":true}]}}