{"id":180,"date":"2014-02-04T16:28:27","date_gmt":"2014-02-04T15:28:27","guid":{"rendered":"http:\/\/pierre-henry.muller.pro\/?page_id=180"},"modified":"2014-03-25T11:49:52","modified_gmt":"2014-03-25T10:49:52","slug":"roofs-of-city-1-toits-de-paris","status":"publish","type":"page","link":"https:\/\/pierre-henry.muller.pro\/fr\/roofs-of-city-1-toits-de-paris","title":{"rendered":"Roofs of City #1 : toits de la ville lumi\u00e8re"},"content":{"rendered":"<p>Notre vision des villes est restreinte au sol par les art\u00e8res \u00e9troites. En prenant de la hauteur, on d\u00e9couvre une ville sous un autre angle. Le silence est presque total, les perspectives sont modifi\u00e9es, les habitants deviennent des fourmis. \u00ab\u00a0Roofs of City : Paris\u00a0\u00bb est la premi\u00e8re s\u00e9rie consacr\u00e9e \u00e0 la toiturophilie (rooftopping en anglais).<\/p>\n<p>Commenc\u00e9e en 2005, le long travail de recherche de points de vues a permis de construire une vision nouvelle et a\u00e9r\u00e9e de la ville lumi\u00e8re qu&rsquo;est Paris. C&rsquo;est l&rsquo;occasion de d\u00e9couvrir tous les d\u00e9tails cach\u00e9s en hauteur des monuments et des perspectives nouvelles sur la capitale fran\u00e7aise.<br \/>\n<div id=\"new-royalslider-1\" class=\"royalSlider new-royalslider-1 rsPHM rs-image-gallery\" style=\"width:100%;height:500px;;\">\n<div class=\"rsContent\">\n  <a class=\"rsImg\" href=\"https:\/\/pierre-henry.muller.pro\/fine-art-photo\/roof-of-Paris-1\/Roof-of-Paris-Garnier-Opera.jpg\" data-rsBigImg=\"https:\/\/pierre-henry.muller.pro\/fine-art-photo\/roof-of-Paris-1\/Roof-of-Paris-Garnier-Opera.jpg\">Toits de l'Op\u00e9ra Garnier \u00e0 Paris<\/a>\n  <div class=\"rsTmb\"><img src=\"https:\/\/pierre-henry.muller.pro\/fine-art-photo\/roof-of-Paris-1\/Roof-of-Paris-Garnier-Opera-96x72.jpg\" alt=\"\" \/><\/div>\n  \n  \n<\/div>\n<div class=\"rsContent\">\n  <a class=\"rsImg\" href=\"https:\/\/pierre-henry.muller.pro\/fine-art-photo\/roof-of-Paris-1\/Roof-of-Paris-Ministry-of-Foreign-Affairs.jpg\" data-rsBigImg=\"https:\/\/pierre-henry.muller.pro\/fine-art-photo\/roof-of-Paris-1\/Roof-of-Paris-Ministry-of-Foreign-Affairs.jpg\">Toits du quai d'Orsay minist\u00e8re des affaires \u00e9trang\u00e8res<\/a>\n  <div class=\"rsTmb\"><img src=\"https:\/\/pierre-henry.muller.pro\/fine-art-photo\/roof-of-Paris-1\/Roof-of-Paris-Ministry-of-Foreign-Affairs-96x72.jpg\" alt=\"\" \/><\/div>\n  \n  \n<\/div>\n<div class=\"rsContent\">\n  <a class=\"rsImg\" href=\"https:\/\/pierre-henry.muller.pro\/fine-art-photo\/roof-of-Paris-1\/Roof-of-Paris-St-Jacques-Eiffel-Tower.jpg\" data-rsBigImg=\"https:\/\/pierre-henry.muller.pro\/fine-art-photo\/roof-of-Paris-1\/Roof-of-Paris-St-Jacques-Eiffel-Tower.jpg\">Tour Saint Jacques et Tour Eiffel depuis les toits de Paris<\/a>\n  <div class=\"rsTmb\"><img src=\"https:\/\/pierre-henry.muller.pro\/fine-art-photo\/roof-of-Paris-1\/Roof-of-Paris-St-Jacques-Eiffel-Tower-96x72.jpg\" alt=\"\" \/><\/div>\n  \n  \n<\/div>\n<div class=\"rsContent\">\n  <a class=\"rsImg\" href=\"https:\/\/pierre-henry.muller.pro\/fine-art-photo\/roof-of-Paris-1\/Roof-of-Paris-observatory.jpg\" data-rsBigImg=\"https:\/\/pierre-henry.muller.pro\/fine-art-photo\/roof-of-Paris-1\/Roof-of-Paris-observatory.jpg\">Structures verticales sur les toits de Paris<\/a>\n  <div class=\"rsTmb\"><img src=\"https:\/\/pierre-henry.muller.pro\/fine-art-photo\/roof-of-Paris-1\/Roof-of-Paris-observatory-96x72.jpg\" alt=\"\" \/><\/div>\n  \n  \n<\/div>\n<div class=\"rsContent\">\n  <a class=\"rsImg\" href=\"https:\/\/pierre-henry.muller.pro\/fine-art-photo\/roof-of-Paris-1\/Roof-of-Paris-Beaugrenelle.jpg\" data-rsBigImg=\"https:\/\/pierre-henry.muller.pro\/fine-art-photo\/roof-of-Paris-1\/Roof-of-Paris-Beaugrenelle.jpg\">Beaugrenelle depuis les toits de Paris<\/a>\n  <div class=\"rsTmb\"><img src=\"https:\/\/pierre-henry.muller.pro\/fine-art-photo\/roof-of-Paris-1\/Roof-of-Paris-Beaugrenelle-96x72.jpg\" alt=\"\" \/><\/div>\n  \n  \n<\/div>\n<div class=\"rsContent\">\n  <a class=\"rsImg\" href=\"https:\/\/pierre-henry.muller.pro\/fine-art-photo\/roof-of-Paris-1\/Roof-of-Paris-many-chimneys.jpg\" data-rsBigImg=\"https:\/\/pierre-henry.muller.pro\/fine-art-photo\/roof-of-Paris-1\/Roof-of-Paris-many-chimneys.jpg\">For\u00eats de chemin\u00e9es sur toits en zinc \u00e0 Paris<\/a>\n  <div class=\"rsTmb\"><img src=\"https:\/\/pierre-henry.muller.pro\/fine-art-photo\/roof-of-Paris-1\/Roof-of-Paris-many-chimneys-96x72.jpg\" alt=\"\" \/><\/div>\n  \n  \n<\/div>\n<div class=\"rsContent\">\n  <a class=\"rsImg\" href=\"https:\/\/pierre-henry.muller.pro\/fine-art-photo\/roof-of-Paris-1\/Roof-of-Paris-St-Sulpice-church.jpg\" data-rsBigImg=\"https:\/\/pierre-henry.muller.pro\/fine-art-photo\/roof-of-Paris-1\/Roof-of-Paris-St-Sulpice-church.jpg\">Eglise Saint Sulpice et toits de Paris<\/a>\n  <div class=\"rsTmb\"><img src=\"https:\/\/pierre-henry.muller.pro\/fine-art-photo\/roof-of-Paris-1\/Roof-of-Paris-St-Sulpice-church-96x72.jpg\" alt=\"\" \/><\/div>\n  \n  \n<\/div>\n<div class=\"rsContent\">\n  <a class=\"rsImg\" href=\"https:\/\/pierre-henry.muller.pro\/fine-art-photo\/roof-of-Paris-1\/Roof-of-Paris-chimney-pipe.jpg\" data-rsBigImg=\"https:\/\/pierre-henry.muller.pro\/fine-art-photo\/roof-of-Paris-1\/Roof-of-Paris-chimney-pipe.jpg\">Chemin\u00e9es sur les toits de Paris<\/a>\n  <div class=\"rsTmb\"><img src=\"https:\/\/pierre-henry.muller.pro\/fine-art-photo\/roof-of-Paris-1\/Roof-of-Paris-chimney-pipe-96x72.jpg\" alt=\"\" \/><\/div>\n  \n  \n<\/div>\n<div class=\"rsContent\">\n  <a class=\"rsImg\" href=\"https:\/\/pierre-henry.muller.pro\/fine-art-photo\/roof-of-Paris-1\/Roof-of-Paris-Grand-Palais-Montmartre.jpg\" data-rsBigImg=\"https:\/\/pierre-henry.muller.pro\/fine-art-photo\/roof-of-Paris-1\/Roof-of-Paris-Grand-Palais-Montmartre.jpg\">Toits de Paris du Grand Palais \u00e0 Montmartre<\/a>\n  <div class=\"rsTmb\"><img src=\"https:\/\/pierre-henry.muller.pro\/fine-art-photo\/roof-of-Paris-1\/Roof-of-Paris-Grand-Palais-Montmartre-96x72.jpg\" alt=\"\" \/><\/div>\n  \n  \n<\/div>\n<div class=\"rsContent\">\n  <a class=\"rsImg\" href=\"https:\/\/pierre-henry.muller.pro\/fine-art-photo\/roof-of-Paris-1\/Roof-of-Paris-Seine-Eiffel-Tower.jpg\" data-rsBigImg=\"https:\/\/pierre-henry.muller.pro\/fine-art-photo\/roof-of-Paris-1\/Roof-of-Paris-Seine-Eiffel-Tower.jpg\">Tour Eiffel et toits de Paris<\/a>\n  <div class=\"rsTmb\"><img src=\"https:\/\/pierre-henry.muller.pro\/fine-art-photo\/roof-of-Paris-1\/Roof-of-Paris-Seine-Eiffel-Tower-96x72.jpg\" alt=\"\" \/><\/div>\n  \n  \n<\/div>\n<div class=\"rsContent\">\n  <a class=\"rsImg\" href=\"https:\/\/pierre-henry.muller.pro\/fine-art-photo\/roof-of-Paris-1\/Roof-of-Paris-chimneys.jpg\" data-rsBigImg=\"https:\/\/pierre-henry.muller.pro\/fine-art-photo\/roof-of-Paris-1\/Roof-of-Paris-chimneys.jpg\">Paris, ses toits, ses chemin\u00e9es<\/a>\n  <div class=\"rsTmb\"><img src=\"https:\/\/pierre-henry.muller.pro\/fine-art-photo\/roof-of-Paris-1\/Roof-of-Paris-chimneys-96x72.jpg\" alt=\"\" \/><\/div>\n  \n  \n<\/div>\n<div class=\"rsContent\">\n  <a class=\"rsImg\" href=\"https:\/\/pierre-henry.muller.pro\/fine-art-photo\/roof-of-Paris-1\/Roof-of-Paris-Pantheon.jpg\" data-rsBigImg=\"https:\/\/pierre-henry.muller.pro\/fine-art-photo\/roof-of-Paris-1\/Roof-of-Paris-Pantheon.jpg\">Coupole du Panth\u00e9on depuis les toits de Paris<\/a>\n  <div class=\"rsTmb\"><img src=\"https:\/\/pierre-henry.muller.pro\/fine-art-photo\/roof-of-Paris-1\/Roof-of-Paris-Pantheon-96x72.jpg\" alt=\"\" \/><\/div>\n  \n  \n<\/div>\n<div class=\"rsContent\">\n  <a class=\"rsImg\" href=\"https:\/\/pierre-henry.muller.pro\/fine-art-photo\/roof-of-Paris-1\/Roof-of-Paris-Montmartre.jpg\" data-rsBigImg=\"https:\/\/pierre-henry.muller.pro\/fine-art-photo\/roof-of-Paris-1\/Roof-of-Paris-Montmartre.jpg\">Toits de Paris \u00e0 Montmartre<\/a>\n  <div class=\"rsTmb\"><img src=\"https:\/\/pierre-henry.muller.pro\/fine-art-photo\/roof-of-Paris-1\/Roof-of-Paris-Montmartre-96x72.jpg\" alt=\"\" \/><\/div>\n  \n  \n<\/div>\n<div class=\"rsContent\">\n  <a class=\"rsImg\" href=\"https:\/\/pierre-henry.muller.pro\/fine-art-photo\/roof-of-Paris-1\/Roof-of-Paris-Defense-night.jpg\" data-rsBigImg=\"https:\/\/pierre-henry.muller.pro\/fine-art-photo\/roof-of-Paris-1\/Roof-of-Paris-Defense-night.jpg\">Toits de Paris vers la D\u00e9fense<\/a>\n  <div class=\"rsTmb\"><img src=\"https:\/\/pierre-henry.muller.pro\/fine-art-photo\/roof-of-Paris-1\/Roof-of-Paris-Defense-night-96x72.jpg\" alt=\"\" \/><\/div>\n  \n  \n<\/div>\n<div class=\"rsContent\">\n  <a class=\"rsImg\" href=\"https:\/\/pierre-henry.muller.pro\/fine-art-photo\/roof-of-Paris-1\/Roof-of-Paris-colored-streets.jpg\" data-rsBigImg=\"https:\/\/pierre-henry.muller.pro\/fine-art-photo\/roof-of-Paris-1\/Roof-of-Paris-colored-streets.jpg\">Rues color\u00e9es depuis les toits de Paris<\/a>\n  <div class=\"rsTmb\"><img src=\"https:\/\/pierre-henry.muller.pro\/fine-art-photo\/roof-of-Paris-1\/Roof-of-Paris-colored-streets-96x72.jpg\" alt=\"\" \/><\/div>\n  \n  \n<\/div>\n\n<\/div>\n<\/p>\n","protected":false},"excerpt":{"rendered":"<p>Notre vision des villes est restreinte au sol par les art\u00e8res \u00e9troites. En prenant de la hauteur, on d\u00e9couvre une ville sous un autre angle. Le silence est presque total, les perspectives sont modifi\u00e9es, les habitants deviennent des fourmis. \u00ab\u00a0Roofs of City : Paris\u00a0\u00bb est la premi\u00e8re s\u00e9rie consacr\u00e9e \u00e0 la toiturophilie (rooftopping en anglais). &hellip; <a href=\"https:\/\/pierre-henry.muller.pro\/fr\/roofs-of-city-1-toits-de-paris\" class=\"more-link\">Continuer la lecture de <span class=\"screen-reader-text\">Roofs of City #1 : toits de la ville lumi\u00e8re<\/span>  <span class=\"meta-nav\">&rarr;<\/span><\/a><\/p>\n","protected":false},"author":1,"featured_media":0,"parent":0,"menu_order":0,"comment_status":"closed","ping_status":"closed","template":"page-templates\/full-width.php","meta":[],"_links":{"self":[{"href":"https:\/\/pierre-henry.muller.pro\/fr\/wp-json\/wp\/v2\/pages\/180"}],"collection":[{"href":"https:\/\/pierre-henry.muller.pro\/fr\/wp-json\/wp\/v2\/pages"}],"about":[{"href":"https:\/\/pierre-henry.muller.pro\/fr\/wp-json\/wp\/v2\/types\/page"}],"author":[{"embeddable":true,"href":"https:\/\/pierre-henry.muller.pro\/fr\/wp-json\/wp\/v2\/users\/1"}],"replies":[{"embeddable":true,"href":"https:\/\/pierre-henry.muller.pro\/fr\/wp-json\/wp\/v2\/comments?post=180"}],"version-history":[{"count":0,"href":"https:\/\/pierre-henry.muller.pro\/fr\/wp-json\/wp\/v2\/pages\/180\/revisions"}],"wp:attachment":[{"href":"https:\/\/pierre-henry.muller.pro\/fr\/wp-json\/wp\/v2\/media?parent=180"}],"curies":[{"name":"wp","href":"https:\/\/api.w.org\/{rel}","templated":true}]}}